{"id":6,"date":"2017-05-11T12:34:07","date_gmt":"2017-05-11T10:34:07","guid":{"rendered":"http:\/\/charitus-wp.xoothemes.com\/?page_id=6"},"modified":"2022-11-22T14:56:54","modified_gmt":"2022-11-22T13:56:54","slug":"home","status":"publish","type":"page","link":"https:\/\/greenproject.info\/wpg\/natsalmo\/","title":{"rendered":"Home"},"content":{"rendered":"<p>[vc_row full_width=&#8221;stretch_row_content_no_spaces&#8221;][vc_column parallax=&#8221;content-moving&#8221; xt_vc_column_theme_primary=&#8221;on&#8221; css=&#8221;.vc_custom_1669125327973{margin-right: 10px !important;margin-bottom: 0px !important;margin-left: 10px !important;border-bottom-width: 0px !important;padding-bottom: 0px !important;}&#8221;][vc_single_image image=&#8221;3967&#8243; img_size=&#8221;full&#8221; title=&#8221;RECUPERO DELLA TROTA MEDITERRANEA: una questione di biodiversit\u00e0&#8221;][\/vc_column][\/vc_row][vc_row full_width=&#8221;stretch_row_content&#8221; css=&#8221;.vc_custom_1546533153613{padding-top: 0px !important;padding-bottom: 50px !important;}&#8221; el_class=&#8221;project-description-row&#8221;][vc_column css=&#8221;.vc_custom_1546510305072{margin-bottom: 40px !important;}&#8221;][vc_raw_html css=&#8221;.vc_custom_1669123198741{padding-bottom: 20px !important;}&#8221;]JTNDZGl2JTIwY2xhc3MlM0QlMjJjb2wtbWQtMTIlMjIlM0UlMEElM0NkaXYlMjBjbGFzcyUzRCUyMmNvbC1tZC02JTIwcHJvamVjdC1kZXNjcmlwdGlvbi1sZWZ0JTIwdGV4dC1jZW50ZXIlMjIlM0UlMEElM0NpbWclMjBzdHlsZSUzRCUyMndpZHRoJTNBMTAwJTI1JTNCJTIwaGVpZ2h0JTNBYXV0byUzQiUyMiUyMHNyYyUzRCUyMmh0dHBzJTNBJTJGJTJGZ3JlZW5wcm9qZWN0LmluZm8lMkZ3cGclMkZuYXRzYWxtbyUyRndwLWNvbnRlbnQlMkZ1cGxvYWRzJTJGc2l0ZXMlMkYyJTJGMjAxOCUyRjEyJTJGaGVhZC1wcmouanBnJTIyJTIwc3R5bGUlM0QlMjJtYXgtd2lkdGglM0ElMjA0MDBweCUzQiUyMiUyMCUyRiUzRSUwQSUzQyUyRmRpdiUzRSUwQSUzQ2RpdiUyMGNsYXNzJTNEJTIyY29sLW1kLTYlMjBwcm9qZWN0LWRlc2NyaXB0aW9uLXJpZ2h0JTIwdGV4dC1sZWZ0JTIyJTNFJTBBJTNDaDElM0VJTCUyMFBST0dFVFRPJTIwSU4lMjBCUkVWRSUzQyUyRmgxJTNFJTBBJTNDJTIxLS0lM0NkaXYlMjBjbGFzcyUzRCUyMnByb2plY3QtZGVzY3JpcHRpb24taGVhZGVyJTIyJTNFUmVhbGl6emF0byUyMGNvbiUyMGlsJTIwY29udHJpYnV0byUyMHBlciUyMHByb2dyYW1tYSUyMExpZmUlMjBkZWxsJTI3VW5pb25lJTIwRXVyb3BlYSUyQyUyMGlsJTIwcHJvZ2V0dG8lMjBMSUZFJTIwTmF0LlNhbC5NbyUwQUxJRkUxNyUyME5BVCUyRklUJTJGMDAwNTQ3JTIwc2klMjBvY2N1cGElMjBkaSUyMHVuJTIwc2FsbW9uaWRlJTIwZW5kZW1pY28lMjBkZWxsJUUyJTgwJTk5YXJlYSUyMG1lZGl0ZXJyYW5lYSUyQyUyMGluc2VyaXRvJTIwYWxsJUUyJTgwJTk5aW50ZXJubyUyMGRlbGwlRTIlODAlOTlBbGxlZ2F0byUyMElJJTIwZGVsbGElMjBEaXJldHRpdmElMjBIYWJpdGF0JTJDJTIwY2xhc3NpZmljYXRvJTIwY29tZSUyMHZ1bG5lcmFiaWxlJTIwaW4lMjBFdXJvcGElMjBlJTIwaW4lMjBwZXJpY29sbyUyMGRpJTIwZXN0aW56aW9uZSUyMGluJTIwSXRhbGlhLiUzQyUyRmRpdiUzRS0tJTNFJTBBJTBBJTNDZGl2JTIwY2xhc3MlM0QlMjJwcm9qZWN0LWRlc2NyaXB0aW9uLWJvZHklMjBtLWIlMjIlM0VDaWFzY3VuYSUyMHNwZWNpZSUyQyUyMHBpY2NvbGElMjBvJTIwZ3JhbmRlJTIwY2hlJTIwc2lhJTJDJTIwcml2ZXN0ZSUyMGUlMjBzdm9sZ2UlMjB1biUyMHJ1b2xvJTIwc3BlY2lmaWNvJTIwbmVsbCVFMiU4MCU5OWVjb3Npc3RlbWElMjBlJTIwcHJvcHJpbyUyMGdyYXppZSUyMGFsJTIwc3VvJTIwcnVvbG8lMjBsbyUyMGFpdXRhJTIwYSUyMG1hbnRlbmVyZSUyMGklMjBzdW9pJTIwZXF1aWxpYnJpJTIwdml0YWxpJTNBJTIwZWNjbyUyMHBlcmNoJUMzJUE5JTIwdHV0ZWxhcmUlMjBsYSUyMGJpb2RpdmVyc2l0JUMzJUEwJTIwc2lnbmlmaWNhJTIwcmFmZm9yemFyZSUyMGlsJTIwbm9zdHJvJTIwZWNvc2lzdGVtYS4lMjBJbCUyMFByb2dldHRvJTIwTElGRSUyME5hdC5TYWwuTW8uJTIwaGElMjBjb21lJTIwb2JpZXR0aXZvJTIwcHJpbmNpcGFsZSUyMHF1ZWxsbyUyMGRpJTIwZ2FyYW50aXJlJTIwaWwlMjByZWN1cGVybyUyMGUlMjBsYSUyMGNvbnNlcnZhemlvbmUlMjBkZWxsYSUyMFRyb3RhJTIwbWVkaXRlcnJhbmVhJTIwJTI4U2FsbW8lMjBtYWNyb3N0aWdtYSUyOSUyMGUlMjBkZWwlMjBzdW8lMjBoYWJpdGF0JTIwbmVpJTIwYmFjaW5pJTIwZmx1dmlhbGklMjBkZWwlMjBCaWZlcm5vJTIwZSUyMGRlbCUyMFZvbHR1cm5vJTIwbmVsbGElMjByZWdpb25lJTIwTW9saXNlJTIwY29uJTIwbCVFMiU4MCU5OWFwcGxpY2F6aW9uZSUyMGRpJTIwdGVjbmljaGUlMjBpbm5vdmF0aXZlJTIwZSUyMHN0cnVtZW50aSUyMGRpJTIwZ292ZXJuYW5jZSUyMHBhcnRlY2lwYXRpdmEuJTIwTmVsbCVFMiU4MCU5OWFyZWElMjBkaSUyMHByb2dldHRvJTIwcXVlc3RhJTIwc3BlY2llJTIwcHJlc2VudGElMjB1bmElMjBncmFuZGUlMjB2YXJpYWJpbGl0JUMzJUEwJTIwaW50cmFzcGVjaWZpY2ElMjAlMjhtb3Jmb2xvZ2lhJTJDJTIwY29tcG9ydGFtZW50byUyMGUlMjBzdG9yaWElMjBldm9sdXRpdmElMjklMjBjaGUlMjBsZSUyMGhhJTIwcGVybWVzc28lMjBkaSUyMGFkYXR0YXJzaSUyMGElMjBkaWZmZXJlbnRpJTIwY29uZGl6aW9uaSUyMGFtYmllbnRhbGkuJTIwJTNDcCUyMHN0eWxlJTNEJTIydGV4dC1hbGlnbiUzQXJpZ2h0JTNCJTIyJTNFJTNDYSUyMGhyZWYlM0QlMjJodHRwcyUzQSUyRiUyRmdyZWVucHJvamVjdC5pbmZvJTJGd3BnJTJGbmF0c2FsbW8lMkZwcm9nZXR0byUyRiUyMiUyMHN0eWxlJTNEJTIyZm9udC13ZWlnaHQlM0Fib2xkJTNCJTIwY29sb3IlM0ElMjM0YWI5YjIlM0IlMjBmb250LXNpemUlM0EyMHB4JTIyJTNFTEVHR0klMjBUVVRUTyUzQyUyRmElM0UlM0MlMkZwJTNFJTNDJTIxLS0lMkMlMjBsZSUyMGF6aW9uaSUyMG1lc3NlJTIwaW4lMjBjYW1wbyUyMGRhbCUyMHByb2dldHRvJTIwc2FyYW5ubyUyMGRpcmV0dGUlMjBhJTIwJTNDc3Ryb25nJTNFaW50ZXJ2ZW5pcmUlMjBwZXIlMjBsaW1pdGFyZSUyMGlsJTIwZmVub21lbm8lMjBkaSUyMGlicmlkYXppb25lJTIwaW50cm9ncmVzc2l2YSUyMGRlbGxlJTIwcG9wb2xhemlvbmklMjBuYXRpdmUlMkMlMjByaWNvc3RydWlyZSUyMGwlRTIlODAlOTloYWJpdGF0JTIwZGVsbGElMjB0cm90YSUyMG1lZGl0ZXJyYW5lYSUyMHRyYW1pdGUlMjBpbCUyMHJlY3VwZXJvJTIwZGVpJTIwc2l0aSUyMGRpJTIwcmlwcm9kdXppb25lJTIwZSUyMHJlZ29sYW1lbnRhcmUlMjBsYSUyMHBlc2NhJTIwcmljcmVhdGl2YSUyQyUyMGNvaW52b2xnZW5kbyUyMGxlJTIwYXNzb2NpYXppb25pJTIwbG9jYWxpJTIwZGklMjBwZXNjYXRvcmklMjBuZWxsYSUyMGZpcm1hJTIwZGklMjBjb250cmF0dGklMjBkaSUyMGZpdW1lJTNDJTJGc3Ryb25nJTNFLS0lM0UlM0MlMkZkaXYlM0UlMEElM0MlMkZkaXYlM0UlMEElM0MlMkZkaXYlM0UlMEE=[\/vc_raw_html][\/vc_column][\/vc_row][vc_row css=&#8221;.vc_custom_1545231357622{background-color: #fafafa !important;}&#8221;][vc_column]\n        <div class=\"section-title text-center section-title-margin-bottom-small\">\n            <h2>OBIETTIVI DEL <span>PROGETTO<\/span><\/h2><p>Progetto approvato nell\u2019ambito del Programma LIFE per l\u2019Ambiente e l\u2019Azione per il Clima 2014-2020<\/p>\n        <\/div>\n\n\t\t\n        <div class=\"section-title text-center section-title-margin-bottom-small\">\n            <p>(Sottoprogramma: Ambiente \u2013 Settore prioritario: Natura e Biodiversit\u00e0).<\/p>\n        <\/div>\n\n\t\t[vc_row_inner css=&#8221;.vc_custom_1546529824531{margin-top: 60px !important;}&#8221;][vc_column_inner width=&#8221;1\/3&#8243;]\n        <div class=\"ch-mission-item\">\n            <div class=\"row\">\n                <div class=\"col-md-3 col-sm-3 col-xs-3 mission-icon\">\n                    <i class=\"fa main-color fa flaticon-summer\"><\/i>\n                <\/div>\n                <div class=\"col-md-9 col-sm-9 col-xs-9 padding-left-o\">\n                    <h4 class=\"margin-top-o\">Natura e biodiversit\u00e0<\/h4>\n                    <p>Recuperare l&#039;integrit\u00e0 genetica delle popolazioni autoctone di S. macrostigma minacciate da ibridazione introgressiva con ceppi atlantici e incoraggiare la riproduzione naturale degli esemplari selvatici nativi.<\/p>\n                    <a href=\"\" class=\"main-color\"><\/a>\n                <\/div>\n            <\/div>\n        <\/div>\n\n\t\t[\/vc_column_inner][vc_column_inner width=&#8221;1\/3&#8243;]\n        <div class=\"ch-mission-item\">\n            <div class=\"row\">\n                <div class=\"col-md-3 col-sm-3 col-xs-3 mission-icon\">\n                    <i class=\"fa main-color fa flaticon-placeholder\"><\/i>\n                <\/div>\n                <div class=\"col-md-9 col-sm-9 col-xs-9 padding-left-o\">\n                    <h4 class=\"margin-top-o\">Ambiente<\/h4>\n                    <p>Proteggere e ripristinare la funzionalit\u00e0 degli habitat, quali la connettivit\u00e0 fluviale e la qualit\u00e0 delle aree di riproduzione, promuovendo la connessione ecologica tra i SIC presenti nei due bacini fluviali del Biferno e del Volturno.<\/p>\n                    <a href=\"\" class=\"main-color\"><\/a>\n                <\/div>\n            <\/div>\n        <\/div>\n\n\t\t[\/vc_column_inner][vc_column_inner width=&#8221;1\/3&#8243;]\n        <div class=\"ch-mission-item\">\n            <div class=\"row\">\n                <div class=\"col-md-3 col-sm-3 col-xs-3 mission-icon\">\n                    <i class=\"fa main-color fa flaticon-list\"><\/i>\n                <\/div>\n                <div class=\"col-md-9 col-sm-9 col-xs-9 padding-left-o\">\n                    <h4 class=\"margin-top-o\">ANALISI DATI<\/h4>\n                    <p>Aggiornare le attuali norme di pesca dopo un\u2019attenta raccolta e valutazione delle caratteristiche biologiche, ecologiche ed etologiche delle popolazioni di salmonidi nativi dei due principali bacini molisani.<\/p>\n                    <a href=\"\" class=\"main-color\"><\/a>\n                <\/div>\n            <\/div>\n        <\/div>\n\n\t\t[\/vc_column_inner][\/vc_row_inner][vc_row_inner][vc_column_inner width=&#8221;1\/3&#8243;]\n        <div class=\"ch-mission-item\">\n            <div class=\"row\">\n                <div class=\"col-md-3 col-sm-3 col-xs-3 mission-icon\">\n                    <i class=\"fa main-color fa flaticon-profile\"><\/i>\n                <\/div>\n                <div class=\"col-md-9 col-sm-9 col-xs-9 padding-left-o\">\n                    <h4 class=\"margin-top-o\">SENSIBILIZZAZIONE<\/h4>\n                    <p>Coinvolgere attivamente la popolazione,le associazioni locali e i diretti fruitori delle risorse fluviali per generare un ritorno socio-economico positivo e un aumento della consapevolezza ambientale.<\/p>\n                    <a href=\"\" class=\"main-color\"><\/a>\n                <\/div>\n            <\/div>\n        <\/div>\n\n\t\t[\/vc_column_inner][vc_column_inner width=&#8221;1\/3&#8243;]\n        <div class=\"ch-mission-item\">\n            <div class=\"row\">\n                <div class=\"col-md-3 col-sm-3 col-xs-3 mission-icon\">\n                    <i class=\"fa main-color fa flaticon-weather\"><\/i>\n                <\/div>\n                <div class=\"col-md-9 col-sm-9 col-xs-9 padding-left-o\">\n                    <h4 class=\"margin-top-o\">SOSTENIBILIT\u00c0<\/h4>\n                    <p>Promuovere l&#039;adozione di strumenti di governance partecipativa come i contratti fluviali per garantire la sostenibilit\u00e0 delle misure di conservazione applicate sia durante il progetto che dopo il suo termine.<\/p>\n                    <a href=\"\" class=\"main-color\"><\/a>\n                <\/div>\n            <\/div>\n        <\/div>\n\n\t\t[\/vc_column_inner][vc_column_inner width=&#8221;1\/3&#8243;]\n        <div class=\"ch-mission-item\">\n            <div class=\"row\">\n                <div class=\"col-md-3 col-sm-3 col-xs-3 mission-icon\">\n                    <i class=\"fa main-color fa flaticon-location\"><\/i>\n                <\/div>\n                <div class=\"col-md-9 col-sm-9 col-xs-9 padding-left-o\">\n                    <h4 class=\"margin-top-o\">SINERGIA E TRASFERIBILIT\u00c0<\/h4>\n                    <p>Istituire una stretta collaborazione tra partner per trasferire le metodologie innovative applicate nel corso del progetto in contesti simili, sia in Italia che in altri Stati membri dell&#039;UE. Creare un modello partecipativo che possa essere adottato anche dalle amministrazioni e dagli enti del resto d\u2019Europa.<\/p>\n                    <a href=\"\" class=\"main-color\"><\/a>\n                <\/div>\n            <\/div>\n        <\/div>\n\n\t\t[\/vc_column_inner][\/vc_row_inner][vc_raw_js]JTNDc2NyaXB0JTIwdHlwZSUzRCUyMnRleHQlMkZqYXZhc2NyaXB0JTIyJTNFJTIwJTBBalF1ZXJ5JTI4JTI3LmZsYXRpY29uLXN1bW1lciUyNyUyOS5vbiUyOCUyN2NsaWNrJTI3JTJDJTIwZnVuY3Rpb24lMjhlJTI5JTdCJTBBYWxlcnQlMjglMjJjbGljY2F0byUyMiUyOSUzQiUwQSU3RCUyOSUzQiUyMCUwQSUzQyUyRnNjcmlwdCUzRQ==[\/vc_raw_js][\/vc_column][\/vc_row][vc_row full_width=&#8221;stretch_row&#8221; css=&#8221;.vc_custom_1546552608173{margin-bottom: 0px !important;border-bottom-width: 0px !important;padding-bottom: 0px !important;}&#8221; el_class=&#8221;ultime-news&#8221;][vc_column]\n        <div class=\"section-title text-center section-title-margin-bottom-small\">\n            <h2> <span>NEWS<\/span><\/h2><p>Tutte le notizie, gli eventi e gli incontri del progetto.<\/p>\n        <\/div>\n\n\t\t[vc_basic_grid post_type=&#8221;post&#8221; max_items=&#8221;10&#8243; style=&#8221;pagination&#8221; items_per_page=&#8221;3&#8243; gap=&#8221;5&#8243; arrows_design=&#8221;vc_arrow-icon-arrow_05_left&#8221; arrows_position=&#8221;outside&#8221; arrows_color=&#8221;peacoc&#8221; paging_design=&#8221;none&#8221; item=&#8221;3825&#8243; initial_loading_animation=&#8221;none&#8221; grid_id=&#8221;vc_gid:1669125229744-6336ed78-9646-7&#8243; taxonomies=&#8221;33&#8243;][vc_separator][\/vc_column][\/vc_row][vc_row disable_element=&#8221;yes&#8221;][vc_column]\n        <div class=\"section-title text-center section-title-margin-bottom-medium\">\n            <h2>I NOSTRI <span>PARTNERS<\/span><\/h2>        <\/div>\n\n\t\t\t\t\t\t<div class=\"ch-client\">\n\t\t\t        <div class=\"ch-client-logos\">\n\t\t\t            <ul>\n\t\t\t                \t\t\t\t\t\t\t\t<li>\n\t\t\t\t\t\t\t\t\t<a href=\"#\"><\/a>\t\t\t\t\t\t\t\t<\/li>\n\t\t\t\t\t\t\t\t\t\t\t\t\t\t\t<li>\n\t\t\t\t\t\t\t\t\t<a href=\"#\"><\/a>\t\t\t\t\t\t\t\t<\/li>\n\t\t\t\t\t\t\t\t\t\t\t\t\t\t\t<li>\n\t\t\t\t\t\t\t\t\t<a href=\"#\"><\/a>\t\t\t\t\t\t\t\t<\/li>\n\t\t\t\t\t\t\t\t\t\t\t\t\t\t\t<li>\n\t\t\t\t\t\t\t\t\t<a href=\"#\"><\/a>\t\t\t\t\t\t\t\t<\/li>\n\t\t\t\t\t\t\t\t\t\t\t\t\t\t\t<li>\n\t\t\t\t\t\t\t\t\t<a href=\"#\"><\/a>\t\t\t\t\t\t\t\t<\/li>\n\t\t\t\t\t\t\t\t\t\t\t\t\t\t\t<li>\n\t\t\t\t\t\t\t\t\t<a href=\"#\"><\/a>\t\t\t\t\t\t\t\t<\/li>\n\t\t\t\t\t\t\t\t\t\t            <\/ul>\n\t\t\t        <\/div>\n\t\t\t\t<\/div>\n\t\t\t[\/vc_column][\/vc_row][vc_row css=&#8221;.vc_custom_1546548927566{margin-top: 0px !important;margin-bottom: 0px !important;border-top-width: 0px !important;border-bottom-width: 0px !important;padding-top: 0px !important;padding-bottom: 0px !important;}&#8221; el_class=&#8221;partner&#8221;][vc_column css=&#8221;.vc_custom_1546446853350{background-color: #ffffff !important;}&#8221;]\n        <div class=\"section-title text-center section-title-margin-bottom-small\">\n            <h2> <span>PARTNER<\/span><\/h2>        <\/div>\n\n\t\t[vc_row_inner][vc_column_inner]\n        <div class=\"section-title text-center section-title-margin-bottom-small\">\n            <p>Coordinatore beneficiario<\/p>\n        <\/div>\n\n\t\t[vc_single_image image=&#8221;3724&#8243; img_size=&#8221;200&#215;97&#8243; alignment=&#8221;center&#8221; onclick=&#8221;custom_link&#8221; img_link_target=&#8221;_blank&#8221; css=&#8221;.vc_custom_1546521523039{margin-bottom: 5px !important;}&#8221; link=&#8221;https:\/\/www.unimol.it\/&#8221;][vc_empty_space height=&#8221;25px&#8221;][\/vc_column_inner][\/vc_row_inner]\n        <div class=\"section-title text-center section-title-margin-bottom-small\">\n            <p>Beneficiari associati<\/p>\n        <\/div>\n\n\t\t[vc_row_inner][vc_column_inner width=&#8221;1\/4&#8243;][vc_single_image image=&#8221;3669&#8243; img_size=&#8221;150&#215;150&#8243; alignment=&#8221;center&#8221; onclick=&#8221;custom_link&#8221; img_link_target=&#8221;_blank&#8221; link=&#8221;http:\/\/www.comune.oratino.cb.it\/&#8221;][\/vc_column_inner][vc_column_inner width=&#8221;1\/4&#8243;][vc_single_image image=&#8221;3665&#8243; img_size=&#8221;150&#215;150&#8243; alignment=&#8221;center&#8221; onclick=&#8221;custom_link&#8221; img_link_target=&#8221;_blank&#8221; link=&#8221;http:\/\/www.comune.rocchettaavolturno.is.it\/zf\/index.php\/trasparenza\/index\/index\/categoria\/77&#8243;][\/vc_column_inner][vc_column_inner width=&#8221;1\/4&#8243;][vc_single_image image=&#8221;3628&#8243; img_size=&#8221;150&#215;150&#8243; alignment=&#8221;center&#8221; onclick=&#8221;custom_link&#8221; img_link_target=&#8221;_blank&#8221; link=&#8221;https:\/\/natura.legambiente.it\/&#8221;][\/vc_column_inner][vc_column_inner width=&#8221;1\/4&#8243;][vc_single_image image=&#8221;3662&#8243; img_size=&#8221;150&#215;150&#8243; alignment=&#8221;center&#8221; onclick=&#8221;custom_link&#8221; img_link_target=&#8221;_blank&#8221; link=&#8221;http:\/\/www.mtrg.org\/&#8221;][\/vc_column_inner][\/vc_row_inner][vc_row_inner][vc_column_inner width=&#8221;1\/4&#8243;][vc_single_image image=&#8221;3659&#8243; img_size=&#8221;150&#215;150&#8243; alignment=&#8221;center&#8221; onclick=&#8221;custom_link&#8221; img_link_target=&#8221;_blank&#8221; link=&#8221;http:\/\/www3.regione.molise.it\/flex\/cm\/pages\/ServeBLOB.php\/L\/IT\/IDPagina\/1&#8243;][\/vc_column_inner][vc_column_inner width=&#8221;1\/4&#8243;][vc_single_image image=&#8221;3667&#8243; img_size=&#8221;150&#215;150&#8243; alignment=&#8221;center&#8221; onclick=&#8221;custom_link&#8221; img_link_target=&#8221;_blank&#8221; link=&#8221;http:\/\/www.studiogiuliano.it\/&#8221;][\/vc_column_inner][vc_column_inner width=&#8221;1\/4&#8243;][vc_single_image image=&#8221;3673&#8243; img_size=&#8221;150&#215;150&#8243; alignment=&#8221;center&#8221; onclick=&#8221;custom_link&#8221; img_link_target=&#8221;_blank&#8221; link=&#8221;http:\/\/www.uaiasi.ro\/agricultura\/index.php\/en\/main_page&#8221;][\/vc_column_inner][vc_column_inner width=&#8221;1\/4&#8243;][vc_single_image image=&#8221;3671&#8243; img_size=&#8221;150&#215;150&#8243; alignment=&#8221;center&#8221; onclick=&#8221;custom_link&#8221; img_link_target=&#8221;_blank&#8221; link=&#8221;https:\/\/www.ulbsibiu.ro\/ro\/&#8221;][\/vc_column_inner][\/vc_row_inner][\/vc_column][\/vc_row][vc_row css=&#8221;.vc_custom_1546508706421{margin-top: 0px !important;margin-right: 0px !important;margin-bottom: 0px !important;margin-left: 0px !important;border-bottom-width: 30px !important;padding-top: 0px !important;padding-right: 0px !important;padding-bottom: 0px !important;padding-left: 0px !important;background-color: #fafafa !important;}&#8221;][vc_column css=&#8221;.vc_custom_1546508783502{margin-bottom: 50px !important;border-bottom-width: 0px !important;padding-bottom: 0px !important;background-color: #fafafa !important;}&#8221;][vc_row_inner css=&#8221;.vc_custom_1546505973707{background-color: #fafafa !important;}&#8221;][vc_column_inner][vc_column_text css=&#8221;.vc_custom_1553248470453{background-color: #fafafa !important;}&#8221;]<\/p>\n<p style=\"text-align: center\"><strong>Progetto realizzato con il contributo dello strumento finanziario LIFE dell\u2019Unione Europea [LIFE17 NAT\/ IT \/000547]<\/strong><\/p>\n<p>[\/vc_column_text][\/vc_column_inner][\/vc_row_inner][vc_row_inner css=&#8221;.vc_custom_1546505934385{background-color: #fafafa !important;}&#8221;][vc_column_inner width=&#8221;1\/2&#8243;][vc_single_image image=&#8221;3692&#8243; img_size=&#8221;150&#215;100&#8243; alignment=&#8221;right&#8221; onclick=&#8221;custom_link&#8221; img_link_target=&#8221;_blank&#8221; link=&#8221;http:\/\/ec.europa.eu\/environment\/nature\/natura2000\/index_en.htm&#8221;][\/vc_column_inner][vc_column_inner width=&#8221;1\/2&#8243;][vc_single_image image=&#8221;3690&#8243; img_size=&#8221;150&#215;100&#8243; onclick=&#8221;custom_link&#8221; img_link_target=&#8221;_blank&#8221; link=&#8221;https:\/\/ec.europa.eu\/easme\/en\/life&#8221;][\/vc_column_inner][\/vc_row_inner][\/vc_column][\/vc_row][vc_row][vc_column][\/vc_column][\/vc_row]<\/p>\n<!-- AddThis Advanced Settings generic via filter on the_content --><!-- AddThis Share Buttons generic via filter on the_content -->","protected":false},"excerpt":{"rendered":"<p>[vc_row full_width=&#8221;stretch_row_content_no_spaces&#8221;][vc_column parallax=&#8221;content-moving&#8221; xt_vc_column_theme_primary=&#8221;on&#8221; css=&#8221;.vc_custom_1669125327973{margin-right: 10px !important;margin-bottom: 0px !important;margin-left: 10px !important;border-bottom-width: 0px !important;padding-bottom: 0px !important;}&#8221;][vc_single_image image=&#8221;3967&#8243; img_size=&#8221;full&#8221; title=&#8221;RECUPERO DELLA TROTA MEDITERRANEA: una questione di biodiversit\u00e0&#8221;][\/vc_column][\/vc_row][vc_row full_width=&#8221;stretch_row_content&#8221; css=&#8221;.vc_custom_1546533153613{padding-top: 0px !important;padding-bottom: 50px !important;}&#8221; el_class=&#8221;project-description-row&#8221;][vc_column css=&#8221;.vc_custom_1546510305072{margin-bottom: 40px !important;}&#8221;][vc_raw_html css=&#8221;.vc_custom_1669123198741{padding-bottom: 20px !important;}&#8221;]JTNDZGl2JTIwY2xhc3MlM0QlMjJjb2wtbWQtMTIlMjIlM0UlMEElM0NkaXYlMjBjbGFzcyUzRCUyMmNvbC1tZC02JTIwcHJvamVjdC1kZXNjcmlwdGlvbi1sZWZ0JTIwdGV4dC1jZW50ZXIlMjIlM0UlMEElM0NpbWclMjBzdHlsZSUzRCUyMndpZHRoJTNBMTAwJTI1JTNCJTIwaGVpZ2h0JTNBYXV0byUzQiUyMiUyMHNyYyUzRCUyMmh0dHBzJTNBJTJGJTJGZ3JlZW5wcm9qZWN0LmluZm8lMkZ3cGclMkZuYXRzYWxtbyUyRndwLWNvbnRlbnQlMkZ1cGxvYWRzJTJGc2l0ZXMlMkYyJTJGMjAxOCUyRjEyJTJGaGVhZC1wcmouanBnJTIyJTIwc3R5bGUlM0QlMjJtYXgtd2lkdGglM0ElMjA0MDBweCUzQiUyMiUyMCUyRiUzRSUwQSUzQyUyRmRpdiUzRSUwQSUzQ2RpdiUyMGNsYXNzJTNEJTIyY29sLW1kLTYlMjBwcm9qZWN0LWRlc2NyaXB0aW9uLXJpZ2h0JTIwdGV4dC1sZWZ0JTIyJTNFJTBBJTNDaDElM0VJTCUyMFBST0dFVFRPJTIwSU4lMjBCUkVWRSUzQyUyRmgxJTNFJTBBJTNDJTIxLS0lM0NkaXYlMjBjbGFzcyUzRCUyMnByb2plY3QtZGVzY3JpcHRpb24taGVhZGVyJTIyJTNFUmVhbGl6emF0byUyMGNvbiUyMGlsJTIwY29udHJpYnV0byUyMHBlciUyMHByb2dyYW1tYSUyMExpZmUlMjBkZWxsJTI3VW5pb25lJTIwRXVyb3BlYSUyQyUyMGlsJTIwcHJvZ2V0dG8lMjBMSUZFJTIwTmF0LlNhbC5NbyUwQUxJRkUxNyUyME5BVCUyRklUJTJGMDAwNTQ3JTIwc2klMjBvY2N1cGElMjBkaSUyMHVuJTIwc2FsbW9uaWRlJTIwZW5kZW1pY28lMjBkZWxsJUUyJTgwJTk5YXJlYSUyMG1lZGl0ZXJyYW5lYSUyQyUyMGluc2VyaXRvJTIwYWxsJUUyJTgwJTk5aW50ZXJubyUyMGRlbGwlRTIlODAlOTlBbGxlZ2F0byUyMElJJTIwZGVsbGElMjBEaXJldHRpdmElMjBIYWJpdGF0JTJDJTIwY2xhc3NpZmljYXRvJTIwY29tZSUyMHZ1bG5lcmFiaWxlJTIwaW4lMjBFdXJvcGElMjBlJTIwaW4lMjBwZXJpY29sbyUyMGRpJTIwZXN0aW56aW9uZSUyMGluJTIwSXRhbGlhLiUzQyUyRmRpdiUzRS0tJTNFJTBBJTBBJTNDZGl2JTIwY2xhc3MlM0QlMjJwcm9qZWN0LWRlc2NyaXB0aW9uLWJvZHklMjBtLWIlMjIlM0VDaWFzY3VuYSUyMHNwZWNpZSUyQyUyMHBpY2NvbGElMjBvJTIwZ3JhbmRlJTIwY2hlJTIwc2lhJTJDJTIwcml2ZXN0ZSUyMGUlMjBzdm9sZ2UlMjB1biUyMHJ1b2xvJTIwc3BlY2lmaWNvJTIwbmVsbCVFMiU4MCU5OWVjb3Npc3RlbWElMjBlJTIwcHJvcHJpbyUyMGdyYXppZSUyMGFsJTIwc3VvJTIwcnVvbG8lMjBsbyUyMGFpdXRhJTIwYSUyMG1hbnRlbmVyZSUyMGklMjBzdW9pJTIwZXF1aWxpYnJpJTIwdml0YWxpJTNBJTIwZWNjbyUyMHBlcmNoJUMzJUE5JTIwdHV0ZWxhcmUlMjBsYSUyMGJpb2RpdmVyc2l0JUMzJUEwJTIwc2lnbmlmaWNhJTIwcmFmZm9yemFyZSUyMGlsJTIwbm9zdHJvJTIwZWNvc2lzdGVtYS4lMjBJbCUyMFByb2dldHRvJTIwTElGRSUyME5hdC5TYWwuTW8uJTIwaGElMjBjb21lJTIwb2JpZXR0aXZvJTIwcHJpbmNpcGFsZSUyMHF1ZWxsbyUyMGRpJTIwZ2FyYW50aXJlJTIwaWwlMjByZWN1cGVybyUyMGUlMjBsYSUyMGNvbnNlcnZhemlvbmUlMjBkZWxsYSUyMFRyb3RhJTIwbWVkaXRlcnJhbmVhJTIwJTI4U2FsbW8lMjBtYWNyb3N0aWdtYSUyOSUyMGUlMjBkZWwlMjBzdW8lMjBoYWJpdGF0JTIwbmVpJTIwYmFjaW5pJTIwZmx1dmlhbGklMjBkZWwlMjBCaWZlcm5vJTIwZSUyMGRlbCUyMFZvbHR1cm5vJTIwbmVsbGElMjByZWdpb25lJTIwTW9saXNlJTIwY29uJTIwbCVFMiU4MCU5OWFwcGxpY2F6aW9uZSUyMGRpJTIwdGVjbmljaGUlMjBpbm5vdmF0aXZlJTIwZSUyMHN0cnVtZW50aSUyMGRpJTIwZ292ZXJuYW5jZSUyMHBhcnRlY2lwYXRpdmEuJTIwTmVsbCVFMiU4MCU5OWFyZWElMjBkaSUyMHByb2dldHRvJTIwcXVlc3RhJTIwc3BlY2llJTIwcHJlc2VudGElMjB1bmElMjBncmFuZGUlMjB2YXJpYWJpbGl0JUMzJUEwJTIwaW50cmFzcGVjaWZpY2ElMjAlMjhtb3Jmb2xvZ2lhJTJDJTIwY29tcG9ydGFtZW50byUyMGUlMjBzdG9yaWElMjBldm9sdXRpdmElMjklMjBjaGUlMjBsZSUyMGhhJTIwcGVybWVzc28lMjBkaSUyMGFkYXR0YXJzaSUyMGElMjBkaWZmZXJlbnRpJTIwY29uZGl6aW9uaSUyMGFtYmllbnRhbGkuJTIwJTNDcCUyMHN0eWxlJTNEJTIydGV4dC1hbGlnbiUzQXJpZ2h0JTNCJTIyJTNFJTNDYSUyMGhyZWYlM0QlMjJodHRwcyUzQSUyRiUyRmdyZWVucHJvamVjdC5pbmZvJTJGd3BnJTJGbmF0c2FsbW8lMkZwcm9nZXR0byUyRiUyMiUyMHN0eWxlJTNEJTIyZm9udC13ZWlnaHQlM0Fib2xkJTNCJTIwY29sb3IlM0ElMjM0YWI5YjIlM0IlMjBmb250LXNpemUlM0EyMHB4JTIyJTNFTEVHR0klMjBUVVRUTyUzQyUyRmElM0UlM0MlMkZwJTNFJTNDJTIxLS0lMkMlMjBsZSUyMGF6aW9uaSUyMG1lc3NlJTIwaW4lMjBjYW1wbyUyMGRhbCUyMHByb2dldHRvJTIwc2FyYW5ubyUyMGRpcmV0dGUlMjBhJTIwJTNDc3Ryb25nJTNFaW50ZXJ2ZW5pcmUlMjBwZXIlMjBsaW1pdGFyZSUyMGlsJTIwZmVub21lbm8lMjBkaSUyMGlicmlkYXppb25lJTIwaW50cm9ncmVzc2l2YSUyMGRlbGxlJTIwcG9wb2xhemlvbmklMjBuYXRpdmUlMkMlMjByaWNvc3RydWlyZSUyMGwlRTIlODAlOTloYWJpdGF0JTIwZGVsbGElMjB0cm90YSUyMG1lZGl0ZXJyYW5lYSUyMHRyYW1pdGUlMjBpbCUyMHJlY3VwZXJvJTIwZGVpJTIwc2l0aSUyMGRpJTIwcmlwcm9kdXppb25lJTIwZSUyMHJlZ29sYW1lbnRhcmUlMjBsYSUyMHBlc2NhJTIwcmljcmVhdGl2YSUyQyUyMGNvaW52b2xnZW5kbyUyMGxlJTIwYXNzb2NpYXppb25pJTIwbG9jYWxpJTIwZGklMjBwZXNjYXRvcmklMjBuZWxsYSUyMGZpcm1hJTIwZGklMjBjb250cmF0dGklMjBkaSUyMGZpdW1lJTNDJTJGc3Ryb25nJTNFLS0lM0UlM0MlMkZkaXYlM0UlMEElM0MlMkZkaXYlM0UlMEElM0MlMkZkaXYlM0UlMEE=[\/vc_raw_html][\/vc_column][\/vc_row][vc_row css=&#8221;.vc_custom_1545231357622{background-color: #fafafa !important;}&#8221;][vc_column][vc_row_inner css=&#8221;.vc_custom_1546529824531{margin-top: 60px !important;}&#8221;][vc_column_inner width=&#8221;1\/3&#8243;][\/vc_column_inner][vc_column_inner width=&#8221;1\/3&#8243;][\/vc_column_inner][vc_column_inner width=&#8221;1\/3&#8243;][\/vc_column_inner][\/vc_row_inner][vc_row_inner][vc_column_inner width=&#8221;1\/3&#8243;][\/vc_column_inner][vc_column_inner width=&#8221;1\/3&#8243;][\/vc_column_inner][vc_column_inner width=&#8221;1\/3&#8243;][\/vc_column_inner][\/vc_row_inner][vc_raw_js]JTNDc2NyaXB0JTIwdHlwZSUzRCUyMnRleHQlMkZqYXZhc2NyaXB0JTIyJTNFJTIwJTBBalF1ZXJ5JTI4JTI3LmZsYXRpY29uLXN1bW1lciUyNyUyOS5vbiUyOCUyN2NsaWNrJTI3JTJDJTIwZnVuY3Rpb24lMjhlJTI5JTdCJTBBYWxlcnQlMjglMjJjbGljY2F0byUyMiUyOSUzQiUwQSU3RCUyOSUzQiUyMCUwQSUzQyUyRnNjcmlwdCUzRQ==[\/vc_raw_js][\/vc_column][\/vc_row][vc_row full_width=&#8221;stretch_row&#8221; css=&#8221;.vc_custom_1546552608173{margin-bottom: 0px !important;border-bottom-width: 0px&#8230;<!-- AddThis Advanced Settings generic via filter on get_the_excerpt --><!-- AddThis Share Buttons generic via filter on get_the_excerpt --><\/p>\n","protected":false},"author":2,"featured_media":0,"parent":0,"menu_order":0,"comment_status":"closed","ping_status":"closed","template":"","meta":[],"_links":{"self":[{"href":"https:\/\/greenproject.info\/wpg\/natsalmo\/wp-json\/wp\/v2\/pages\/6"}],"collection":[{"href":"https:\/\/greenproject.info\/wpg\/natsalmo\/wp-json\/wp\/v2\/pages"}],"about":[{"href":"https:\/\/greenproject.info\/wpg\/natsalmo\/wp-json\/wp\/v2\/types\/page"}],"author":[{"embeddable":true,"href":"https:\/\/greenproject.info\/wpg\/natsalmo\/wp-json\/wp\/v2\/users\/2"}],"replies":[{"embeddable":true,"href":"https:\/\/greenproject.info\/wpg\/natsalmo\/wp-json\/wp\/v2\/comments?post=6"}],"version-history":[{"count":332,"href":"https:\/\/greenproject.info\/wpg\/natsalmo\/wp-json\/wp\/v2\/pages\/6\/revisions"}],"predecessor-version":[{"id":6468,"href":"https:\/\/greenproject.info\/wpg\/natsalmo\/wp-json\/wp\/v2\/pages\/6\/revisions\/6468"}],"wp:attachment":[{"href":"https:\/\/greenproject.info\/wpg\/natsalmo\/wp-json\/wp\/v2\/media?parent=6"}],"curies":[{"name":"wp","href":"https:\/\/api.w.org\/{rel}","templated":true}]}}