{"id":4220,"date":"2019-05-07T09:47:00","date_gmt":"2019-05-07T07:47:00","guid":{"rendered":"https:\/\/greenproject.info\/wpg\/natsalmo\/?page_id=4220"},"modified":"2019-06-17T17:41:26","modified_gmt":"2019-06-17T15:41:26","slug":"le-tecniche-innovative","status":"publish","type":"page","link":"https:\/\/greenproject.info\/wpg\/natsalmo\/le-tecniche-innovative\/","title":{"rendered":"TECNICHE INNOVATIVE"},"content":{"rendered":"<p>Rispetto ad altri progetti LIFE riguardanti la trota mediterranea, LIFE Nat.Sal.Mo. introduce tecniche innovative.<\/p>\n<p>In particolare, il progetto mette in pratica metodologie e biotecnologie recenti che, sebbene siano gi\u00e0 state sperimentate con successo in altre specie ittiche, non sono mai state applicate alla trota mediterranea <em>S. macrostigma<\/em>.<\/p>\n<p>Attualmente in tutti i programmi di recupero e conservazione delle diverse specie autoctone di salmonidi minacciate da introgressione genetica viene utilizzata la <strong>propagazione artificiale selettiva<\/strong>, ovvero vengono immessi nei siti individui selezionati geneticamente, ma allevati &#8211; sebbene per lo stretto necessario &#8211; in ambiente artificiale.<\/p>\n<p><strong>Le caratteristiche innovative del Progetto Nat.Sal.Mo. sono:<\/strong><\/p>\n<p>&#8211; ripristinare l&#8217;integrit\u00e0 genetica delle popolazioni di <em>S. macrostigma<\/em> incentrandola principalmente sulla<strong> riproduzione naturale<\/strong> di trote non o poco introgresse mediante un accesso selettivo ai principali siti di riproduzione;<\/p>\n<p>&#8211; ampliare l\u2019areale di <em>S. macrostigma<\/em>, dopo aver effettuato la riqualificazione dell&#8217;habitat, per mezzo di riproduzione artificiale con <strong>seme congelato<\/strong> di trote autoctone e <strong>schemi di fertilizzazione atti a massimizzare la variabilit\u00e0 genetica della prole;<\/strong><\/p>\n<p>&#8211; ridurre il pi\u00f9 possibile la pressione selettiva non adattativa (la schiusa e l\u2019allevamento artificiale) <strong>impiantando le uova embrionate direttamente nei siti <\/strong>individuati come idonei al ripopolamento della trota nativa. Le uova verranno seminate attraverso la costruzione di speciali siti semi-naturali, sfruttando il materiale naturale presente in alveo;<\/p>\n<p>&#8211; garantire il coinvolgimento delle comunit\u00e0 locali al progetto e alla sua prosecuzione nel tempo, in particolare stipulando con i pescatori e le relative associazioni i \u201c<strong>Contratti di fiume<\/strong>\u201d, ovvero degli accordi volontari per l\u2019osservazione delle buone pratiche e il rispetto delle regole per tutelare la specie e gli habitat.<\/p>\n<h3><strong>Accesso selettivo<\/strong><\/h3>\n<p>Permette di selezionare l\u2019accesso ai siti naturali di deposizione delle uova <strong>consentendolo solo ai riproduttori nativi <\/strong>poco o affatto introgressi.<\/p>\n<p>Negli USA questo sistema \u00e8 usato presso le <em>hatcheries<\/em> dei salmoni pacifici per trattenere i riproduttori in risalita rilasciati allo stadio giovanile dallo stesso impianto. Contemporaneamente vengono riconosciuti i riproduttori selvatici a cui viene permesso di raggiungere le aree di riproduzione. Le popolazioni di trote autoctone dei fiumi Biferno e Volturno sono caratterizzate da una massiccia migrazione verso monte. Pertanto, durante tale migrazione, gli esemplari riproduttivi saranno catturati attraverso trappole fisse, permettendo cos\u00ec il riconoscimento dei riproduttori introgressi \u2013 da eradicare \u2013 da quelli meno o affatto introgressi, che verranno rilasciati per continuare la migrazione verso monte e riprodursi naturalmente. Sebbene questa tecnica sia ampiamente utilizzata e testata nella gestione degli impianti di riproduzione artificiali dei salmoni pacifici, possiamo considerarla come un sistema insolito ed innovativo per l\u2019eradicazione di specie aliene (o esemplari introgressi) per le popolazioni salmoni cole native dei fiumi mediterranei.<\/p>\n<h3><strong>Crioconservazione dello sperma e protocolli di fertilizzazione<\/strong><\/h3>\n<p>La crioconservazione dei gameti \u00e8 considerata un metodo efficace per salvare le specie ittiche in via di estinzione grazie alla creazione di banche genetiche.<\/p>\n<p>Inoltre, il congelamento del seme presenta diversi vantaggi per la tutela della biodiversit\u00e0 nell\u2019ambito delle azioni di riproduzione artificiale di supporto, perch\u00e9 con questa tecnica si \u00e8 in grado di ridurre al minimo la consanguineit\u00e0 e la selezione dovuto all\u2019addomesticamento. Attualmente, negli allevamenti ittici la crioconservazione dello sperma \u00e8 l&#8217;unica tecnologia criogenica disponibile per sviluppare programmi di conservazione <em>ex situ<\/em>, in quanto la crioconservazione di ovociti ed embrioni risulta ancora insoddisfacente. Bisogna sottolineare che tali tecniche non sono state mai usate prima in azioni concrete per la salvaguardia di <em>S. macrostigma<\/em>. Contestualmente all\u2019ottimizzazione delle tecniche di crioconservazione dei gameti maschili delle popolazioni salmonicole molisane, si utilizzer\u00e0 un appropriato protocollo di fertilizzazione incrociata in maniera da salvaguardare la diversit\u00e0 delle popolazioni naturali.<\/p>\n<!-- AddThis Advanced Settings generic via filter on the_content --><!-- AddThis Share Buttons generic via filter on the_content -->","protected":false},"excerpt":{"rendered":"<p>Rispetto ad altri progetti LIFE riguardanti la trota mediterranea, LIFE Nat.Sal.Mo. introduce tecniche innovative. In particolare, il progetto mette in pratica metodologie e biotecnologie recenti che, sebbene siano gi\u00e0 state sperimentate con successo in altre specie ittiche, non sono mai state applicate alla trota mediterranea S. macrostigma. Attualmente in tutti i programmi di recupero e&#8230;<!-- AddThis Advanced Settings generic via filter on get_the_excerpt --><!-- AddThis Share Buttons generic via filter on get_the_excerpt --><\/p>\n","protected":false},"author":2,"featured_media":0,"parent":0,"menu_order":0,"comment_status":"closed","ping_status":"closed","template":"","meta":[],"_links":{"self":[{"href":"https:\/\/greenproject.info\/wpg\/natsalmo\/wp-json\/wp\/v2\/pages\/4220"}],"collection":[{"href":"https:\/\/greenproject.info\/wpg\/natsalmo\/wp-json\/wp\/v2\/pages"}],"about":[{"href":"https:\/\/greenproject.info\/wpg\/natsalmo\/wp-json\/wp\/v2\/types\/page"}],"author":[{"embeddable":true,"href":"https:\/\/greenproject.info\/wpg\/natsalmo\/wp-json\/wp\/v2\/users\/2"}],"replies":[{"embeddable":true,"href":"https:\/\/greenproject.info\/wpg\/natsalmo\/wp-json\/wp\/v2\/comments?post=4220"}],"version-history":[{"count":9,"href":"https:\/\/greenproject.info\/wpg\/natsalmo\/wp-json\/wp\/v2\/pages\/4220\/revisions"}],"predecessor-version":[{"id":4333,"href":"https:\/\/greenproject.info\/wpg\/natsalmo\/wp-json\/wp\/v2\/pages\/4220\/revisions\/4333"}],"wp:attachment":[{"href":"https:\/\/greenproject.info\/wpg\/natsalmo\/wp-json\/wp\/v2\/media?parent=4220"}],"curies":[{"name":"wp","href":"https:\/\/api.w.org\/{rel}","templated":true}]}}