{"id":4118,"date":"2019-04-15T09:12:14","date_gmt":"2019-04-15T07:12:14","guid":{"rendered":"https:\/\/greenproject.info\/wpg\/natsalmo\/?page_id=4118"},"modified":"2019-05-03T10:49:17","modified_gmt":"2019-05-03T08:49:17","slug":"azione-f-2","status":"publish","type":"page","link":"https:\/\/greenproject.info\/wpg\/natsalmo\/il-progetto\/f-project-management\/azione-f-2\/","title":{"rendered":"AZIONE F.2"},"content":{"rendered":"<p>[vc_row][vc_column][vc_column_text]<\/p>\n<h2><strong>AZIONE F.2 &#8211; After-Life Plan<\/strong><\/h2>\n<p>Per garantire il prosieguo delle azioni cardine del progetto, alla fine dello stesso verr\u00e0 elaborato un \u201cafter-Life Plan\u201d, un piano che conterr\u00e0 indicazioni e responsabilit\u00e0 per il prosieguo della conservazione della <em>S. macrostigma<\/em> nelle aree interessate. Il piano includer\u00e0, nella sua elaborazione, tutti gli stakeholder coinvolti nel progetto per garantire la prosecuzione dei risultati ottenuti dal progetto. Alcune azioni, come il monitoraggio della specie e degli habitat, dureranno per i 5 anni successivi al progetto.[\/vc_column_text][\/vc_column][\/vc_row]<\/p>\n<!-- AddThis Advanced Settings generic via filter on the_content --><!-- AddThis Share Buttons generic via filter on the_content -->","protected":false},"excerpt":{"rendered":"<p>[vc_row][vc_column][vc_column_text] AZIONE F.2 &#8211; After-Life Plan Per garantire il prosieguo delle azioni cardine del progetto, alla fine dello stesso verr\u00e0 elaborato un \u201cafter-Life Plan\u201d, un piano che conterr\u00e0 indicazioni e responsabilit\u00e0 per il prosieguo della conservazione della S. macrostigma nelle aree interessate. Il piano includer\u00e0, nella sua elaborazione, tutti gli stakeholder coinvolti nel progetto per&#8230;<!-- AddThis Advanced Settings generic via filter on get_the_excerpt --><!-- AddThis Share Buttons generic via filter on get_the_excerpt --><\/p>\n","protected":false},"author":2,"featured_media":0,"parent":4112,"menu_order":0,"comment_status":"closed","ping_status":"closed","template":"","meta":[],"_links":{"self":[{"href":"https:\/\/greenproject.info\/wpg\/natsalmo\/wp-json\/wp\/v2\/pages\/4118"}],"collection":[{"href":"https:\/\/greenproject.info\/wpg\/natsalmo\/wp-json\/wp\/v2\/pages"}],"about":[{"href":"https:\/\/greenproject.info\/wpg\/natsalmo\/wp-json\/wp\/v2\/types\/page"}],"author":[{"embeddable":true,"href":"https:\/\/greenproject.info\/wpg\/natsalmo\/wp-json\/wp\/v2\/users\/2"}],"replies":[{"embeddable":true,"href":"https:\/\/greenproject.info\/wpg\/natsalmo\/wp-json\/wp\/v2\/comments?post=4118"}],"version-history":[{"count":2,"href":"https:\/\/greenproject.info\/wpg\/natsalmo\/wp-json\/wp\/v2\/pages\/4118\/revisions"}],"predecessor-version":[{"id":4204,"href":"https:\/\/greenproject.info\/wpg\/natsalmo\/wp-json\/wp\/v2\/pages\/4118\/revisions\/4204"}],"up":[{"embeddable":true,"href":"https:\/\/greenproject.info\/wpg\/natsalmo\/wp-json\/wp\/v2\/pages\/4112"}],"wp:attachment":[{"href":"https:\/\/greenproject.info\/wpg\/natsalmo\/wp-json\/wp\/v2\/media?parent=4118"}],"curies":[{"name":"wp","href":"https:\/\/api.w.org\/{rel}","templated":true}]}}