{"id":4109,"date":"2019-04-15T09:10:52","date_gmt":"2019-04-15T07:10:52","guid":{"rendered":"https:\/\/greenproject.info\/wpg\/natsalmo\/?page_id=4109"},"modified":"2019-05-03T10:48:28","modified_gmt":"2019-05-03T08:48:28","slug":"azione-e-2","status":"publish","type":"page","link":"https:\/\/greenproject.info\/wpg\/natsalmo\/il-progetto\/sensibilizzazione-pubblica-e-diffusione-dei-risultati\/azione-e-2\/","title":{"rendered":"AZIONE E.2"},"content":{"rendered":"<p>[vc_row][vc_column][vc_column_text]<\/p>\n<h2><strong>AZIONE E.2 &#8211; Replicabilit\u00e0 e trasferibilit\u00e0 del progetto<\/strong><\/h2>\n<p>Fondamentale, per un\u2019efficace progettazione, \u00e8 valutare il progetto anche alla luce di un\u2019analisi costi benefici, non solo dal punto di vista della difesa della biodiversit\u00e0 ma anche per valutare l\u2019impatto socio-economico delle azioni. Questa azione mira quindi a restituire un quadro puntuale del progetto sotto questo punto di vista anche per misurare la trasferibilit\u00e0 dello stesso in altri territori. A tal proposito, proprio per aumentarne la trasferibilit\u00e0, sono stati ideati alcuni eventi mirati al coinvolgimento di soggetti terzi. Un primo trasferimento \u00e8 stato pensato in Romania dove, attraverso i partner di progetto\u00a0dell\u2019Universit\u00e0 di Iasi (UAIASI) e quella di Sibiu (ULBS), verr\u00e0 applicata la stessa metodologia di progetto al salmone del Danubio (<em>Hucho hucho<\/em>).[\/vc_column_text][\/vc_column][\/vc_row]<\/p>\n<!-- AddThis Advanced Settings generic via filter on the_content --><!-- AddThis Share Buttons generic via filter on the_content -->","protected":false},"excerpt":{"rendered":"<p>[vc_row][vc_column][vc_column_text] AZIONE E.2 &#8211; Replicabilit\u00e0 e trasferibilit\u00e0 del progetto Fondamentale, per un\u2019efficace progettazione, \u00e8 valutare il progetto anche alla luce di un\u2019analisi costi benefici, non solo dal punto di vista della difesa della biodiversit\u00e0 ma anche per valutare l\u2019impatto socio-economico delle azioni. Questa azione mira quindi a restituire un quadro puntuale del progetto sotto questo&#8230;<!-- AddThis Advanced Settings generic via filter on get_the_excerpt --><!-- AddThis Share Buttons generic via filter on get_the_excerpt --><\/p>\n","protected":false},"author":2,"featured_media":0,"parent":4102,"menu_order":0,"comment_status":"closed","ping_status":"closed","template":"","meta":[],"_links":{"self":[{"href":"https:\/\/greenproject.info\/wpg\/natsalmo\/wp-json\/wp\/v2\/pages\/4109"}],"collection":[{"href":"https:\/\/greenproject.info\/wpg\/natsalmo\/wp-json\/wp\/v2\/pages"}],"about":[{"href":"https:\/\/greenproject.info\/wpg\/natsalmo\/wp-json\/wp\/v2\/types\/page"}],"author":[{"embeddable":true,"href":"https:\/\/greenproject.info\/wpg\/natsalmo\/wp-json\/wp\/v2\/users\/2"}],"replies":[{"embeddable":true,"href":"https:\/\/greenproject.info\/wpg\/natsalmo\/wp-json\/wp\/v2\/comments?post=4109"}],"version-history":[{"count":2,"href":"https:\/\/greenproject.info\/wpg\/natsalmo\/wp-json\/wp\/v2\/pages\/4109\/revisions"}],"predecessor-version":[{"id":4202,"href":"https:\/\/greenproject.info\/wpg\/natsalmo\/wp-json\/wp\/v2\/pages\/4109\/revisions\/4202"}],"up":[{"embeddable":true,"href":"https:\/\/greenproject.info\/wpg\/natsalmo\/wp-json\/wp\/v2\/pages\/4102"}],"wp:attachment":[{"href":"https:\/\/greenproject.info\/wpg\/natsalmo\/wp-json\/wp\/v2\/media?parent=4109"}],"curies":[{"name":"wp","href":"https:\/\/api.w.org\/{rel}","templated":true}]}}