{"id":4106,"date":"2019-04-15T09:10:22","date_gmt":"2019-04-15T07:10:22","guid":{"rendered":"https:\/\/greenproject.info\/wpg\/natsalmo\/?page_id=4106"},"modified":"2019-05-03T10:48:09","modified_gmt":"2019-05-03T08:48:09","slug":"azione-e-1","status":"publish","type":"page","link":"https:\/\/greenproject.info\/wpg\/natsalmo\/il-progetto\/sensibilizzazione-pubblica-e-diffusione-dei-risultati\/azione-e-1\/","title":{"rendered":"AZIONE E.1"},"content":{"rendered":"<p>[vc_row][vc_column][vc_column_text]<\/p>\n<h2>AZIONE E.1 &#8211; Attivit\u00e0 di divulgazione e comunicazione<\/h2>\n<p>Questa azione mira a diffondere le attivit\u00e0 e i risultati del progetto e a trasferirli alle comunit\u00e0 locali e ad altri soggetti che potrebbero trarre utili benefici dall&#8217;esperienza del progetto. Inoltre, il networking con altri progetti permetter\u00e0 lo scambio di esperienze e buone pratiche evitando errori e consentendo la replicabilit\u00e0 in altre aree.<\/p>\n<p>In particolare, l\u2019azione di comunicazione inizia con l\u2019elaborazione di un piano di comunicazione e continua attraverso l\u2019attivit\u00e0 di ufficio stampa, l\u2019elaborazione di materiali di disseminazione, la creazione di un sito internet ed una serie di incontri, sia con gli stakeholder locali che con progetti nazionali ed internazionali.\u00a0Sono previsti, inoltre, percorsi con cartellonistica informativa sui luoghi degli interventi infrastutturali.[\/vc_column_text][\/vc_column][\/vc_row]<\/p>\n<!-- AddThis Advanced Settings generic via filter on the_content --><!-- AddThis Share Buttons generic via filter on the_content -->","protected":false},"excerpt":{"rendered":"<p>[vc_row][vc_column][vc_column_text] AZIONE E.1 &#8211; Attivit\u00e0 di divulgazione e comunicazione Questa azione mira a diffondere le attivit\u00e0 e i risultati del progetto e a trasferirli alle comunit\u00e0 locali e ad altri soggetti che potrebbero trarre utili benefici dall&#8217;esperienza del progetto. Inoltre, il networking con altri progetti permetter\u00e0 lo scambio di esperienze e buone pratiche evitando errori&#8230;<!-- AddThis Advanced Settings generic via filter on get_the_excerpt --><!-- AddThis Share Buttons generic via filter on get_the_excerpt --><\/p>\n","protected":false},"author":2,"featured_media":0,"parent":4102,"menu_order":0,"comment_status":"closed","ping_status":"closed","template":"","meta":[],"_links":{"self":[{"href":"https:\/\/greenproject.info\/wpg\/natsalmo\/wp-json\/wp\/v2\/pages\/4106"}],"collection":[{"href":"https:\/\/greenproject.info\/wpg\/natsalmo\/wp-json\/wp\/v2\/pages"}],"about":[{"href":"https:\/\/greenproject.info\/wpg\/natsalmo\/wp-json\/wp\/v2\/types\/page"}],"author":[{"embeddable":true,"href":"https:\/\/greenproject.info\/wpg\/natsalmo\/wp-json\/wp\/v2\/users\/2"}],"replies":[{"embeddable":true,"href":"https:\/\/greenproject.info\/wpg\/natsalmo\/wp-json\/wp\/v2\/comments?post=4106"}],"version-history":[{"count":3,"href":"https:\/\/greenproject.info\/wpg\/natsalmo\/wp-json\/wp\/v2\/pages\/4106\/revisions"}],"predecessor-version":[{"id":4201,"href":"https:\/\/greenproject.info\/wpg\/natsalmo\/wp-json\/wp\/v2\/pages\/4106\/revisions\/4201"}],"up":[{"embeddable":true,"href":"https:\/\/greenproject.info\/wpg\/natsalmo\/wp-json\/wp\/v2\/pages\/4102"}],"wp:attachment":[{"href":"https:\/\/greenproject.info\/wpg\/natsalmo\/wp-json\/wp\/v2\/media?parent=4106"}],"curies":[{"name":"wp","href":"https:\/\/api.w.org\/{rel}","templated":true}]}}