{"id":4102,"date":"2019-04-15T09:08:58","date_gmt":"2019-04-15T07:08:58","guid":{"rendered":"https:\/\/greenproject.info\/wpg\/natsalmo\/?page_id=4102"},"modified":"2019-05-03T10:53:54","modified_gmt":"2019-05-03T08:53:54","slug":"sensibilizzazione-pubblica-e-diffusione-dei-risultati","status":"publish","type":"page","link":"https:\/\/greenproject.info\/wpg\/natsalmo\/il-progetto\/sensibilizzazione-pubblica-e-diffusione-dei-risultati\/","title":{"rendered":"E. Sensibilizzazione pubblica e diffusione dei risultati"},"content":{"rendered":"<p>[vc_row][vc_column][vc_column_text]<\/p>\n<h2>E. Sensibilizzazione pubblica e diffusione dei risultati<\/h2>\n<ul>\n<li><a href=\"https:\/\/greenproject.info\/wpg\/natsalmo\/azione-e-1\/\">AZIONE E.1: Attivit\u00e0 di divulgazione e comunicazione<\/a><\/li>\n<li><a href=\"https:\/\/greenproject.info\/wpg\/natsalmo\/azione-e-2\/\">AZIONE E.2: Replicabilit\u00e0 e trasferibilit\u00e0 del progetto<\/a><\/li>\n<\/ul>\n<p>[\/vc_column_text][\/vc_column][\/vc_row]<\/p>\n<!-- AddThis Advanced Settings generic via filter on the_content --><!-- AddThis Share Buttons generic via filter on the_content -->","protected":false},"excerpt":{"rendered":"<p>[vc_row][vc_column][vc_column_text] E. Sensibilizzazione pubblica e diffusione dei risultati AZIONE E.1: Attivit\u00e0 di divulgazione e comunicazione AZIONE E.2: Replicabilit\u00e0 e trasferibilit\u00e0 del progetto [\/vc_column_text][\/vc_column][\/vc_row]<!-- AddThis Advanced Settings generic via filter on get_the_excerpt --><!-- AddThis Share Buttons generic via filter on get_the_excerpt --><\/p>\n","protected":false},"author":2,"featured_media":0,"parent":3212,"menu_order":0,"comment_status":"closed","ping_status":"closed","template":"","meta":[],"_links":{"self":[{"href":"https:\/\/greenproject.info\/wpg\/natsalmo\/wp-json\/wp\/v2\/pages\/4102"}],"collection":[{"href":"https:\/\/greenproject.info\/wpg\/natsalmo\/wp-json\/wp\/v2\/pages"}],"about":[{"href":"https:\/\/greenproject.info\/wpg\/natsalmo\/wp-json\/wp\/v2\/types\/page"}],"author":[{"embeddable":true,"href":"https:\/\/greenproject.info\/wpg\/natsalmo\/wp-json\/wp\/v2\/users\/2"}],"replies":[{"embeddable":true,"href":"https:\/\/greenproject.info\/wpg\/natsalmo\/wp-json\/wp\/v2\/comments?post=4102"}],"version-history":[{"count":5,"href":"https:\/\/greenproject.info\/wpg\/natsalmo\/wp-json\/wp\/v2\/pages\/4102\/revisions"}],"predecessor-version":[{"id":4213,"href":"https:\/\/greenproject.info\/wpg\/natsalmo\/wp-json\/wp\/v2\/pages\/4102\/revisions\/4213"}],"up":[{"embeddable":true,"href":"https:\/\/greenproject.info\/wpg\/natsalmo\/wp-json\/wp\/v2\/pages\/3212"}],"wp:attachment":[{"href":"https:\/\/greenproject.info\/wpg\/natsalmo\/wp-json\/wp\/v2\/media?parent=4102"}],"curies":[{"name":"wp","href":"https:\/\/api.w.org\/{rel}","templated":true}]}}