{"id":3869,"date":"2019-02-10T12:51:19","date_gmt":"2019-02-10T11:51:19","guid":{"rendered":"https:\/\/greenproject.info\/wpg\/natsalmo\/?page_id=3869"},"modified":"2020-01-24T12:23:18","modified_gmt":"2020-01-24T11:23:18","slug":"le-specie","status":"publish","type":"page","link":"https:\/\/greenproject.info\/wpg\/natsalmo\/le-specie\/","title":{"rendered":"LA SPECIE"},"content":{"rendered":"<p>[vc_row][vc_column][vc_single_image image=&#8221;4037&#8243; img_size=&#8221;full&#8221;][vc_column_text]<\/p>\n<h2><strong>La trota autoctona mediterranea \u2013 <em>Salmo macrostigma<\/em><\/strong><\/h2>\n<p>La trota mediterranea <em>S. macrostigma<\/em> \u00e8 un pesce di taglia media e, nonostante le sue dimensioni massime raramente superino in natura i 45-50 cm di lunghezza e 1,2-1,5 kg di peso, la sua taglia \u00e8 strettamente legata all\u2019ambiente in cui cresce. Negli ambienti montani e nei piccoli ruscelli pu\u00f2 raggiungere la taglia riproduttiva gi\u00e0 a meno di 18 cm, mentre nel corso principale dei fiumi pi\u00f9 grandi e produttivi come il Volturno e il Biferno pu\u00f2 raggiungere e superare i 60 cm.<\/p>\n<p>La livrea delle trote mediterranee pu\u00f2 essere assai diversa a seconda delle popolazioni. In generale la specie si riconosce grazie a:<\/p>\n<ul>\n<li>9-13 grandi macchie blu-grigiastre ellissoidali (macchie parr) lungo la regione mediana di ciascun lato, a volte divise o frammentate e\/o zebrature sul fianco del pesce costituite dall\u2019alternanza di quattro bande pi\u00f9 scure e tre bande pi\u00f9 chiare (in alcune popolazioni le macchie parr sono il carattere pi\u00f9 evidente, mentre in altre, con zebrature marcate, quasi non si notano);<\/li>\n<li>una grande macchia blu-nera nella regione opercolare;<\/li>\n<li>assenza di macchie sul dorso<\/li>\n<li>assenza di evidenti aloni chiari attorno alla macchiettatura<\/li>\n<li>assenza di un\u2019evidente banda nera e bianca al margine anteriore della pinna dorsale e anale<\/li>\n<\/ul>\n<p>Nell\u2019area di progetto molti individui, soprattutto appartenenti al bacino del fiume Volturno, presentano una tigratura tipica molto evidente.<\/p>\n<p>La puntinatura pu\u00f2 essere prevalentemente a macchiette nere o rosse, a seconda che la popolazione abiti in torrenti montani (di solito prevalenza di rosso) o di fondovalle (di solito prevalenza di nero). A concorrere sono comunque diverse caratteristiche ambientali tra cui temperature, pendenza dell\u2019alveo, turbolenza delle acque, presenza di piante acquatiche, tipologia di substrato e simili. Il dimorfismo sessuale tra maschi e femmine \u00e8 solitamente meno accentuato rispetto alle popolazioni di trote nord-europee di origine atlantica.<\/p>\n<h3><strong>Dove si trova<\/strong><\/h3>\n<p>L\u2019areale originario della trota nativa mediterranea in Italia \u00e8 rappresentato da quasi tutti i bacini idrografici insulari e peninsulari appenninici e dai torrenti montani del settore occidentale delle Alpi. Il suo attuale areale di distribuzione \u00e8 molto limitato a causa del degrado degli habitat e soprattutto dall\u2019ibridazione con le <em>S. trutta<\/em> di origine nord-europea introdotte capillarmente in tutta Italia da diversi decenni.<\/p>\n<h3><strong>Cosa mangia<\/strong><\/h3>\n<p>Generalmente la trota mediterranea si nutre di macrozoobenthos e di insetti terrestri. Gli individui pi\u00f9 grandi possono virare ad abitudini alimentari principalmente ittiofaghe.<\/p>\n<h3><strong>Habitat e riproduzione<\/strong><\/h3>\n<p>La <em>S. macrostigma<\/em> depone le uova in acque correnti e poco profonde caratterizzate da un fondo ghiaioso. La deposizione dei gameti non avviene ovunque nello stesso periodo: in Sicilia \u00e8 stata osservata in dicembre e gennaio, nel Lazio a febbraio e marzo, mentre in Molise e in Campania da dicembre a marzo.<\/p>\n<p>Questa specie, capace di adattarsi a diverse condizioni ambientali, richiede acque limpide e ossigenate, preferibilmente con una temperatura al di sotto dei 17 \u00b0C, su substrati rocciosi o sassosi.<\/p>\n<h3><strong>Le specie nel progetto Nat.Sal.Mo.<\/strong><\/h3>\n<p>A causa di una reiterata e abbondante introduzione di trote di origine atlantica, in territorio italiano oggi vi \u00e8 solo una piccola porzione di popolamenti salmoni coli con livelli di integrit\u00e0 genetica recuperabile. Nelle linee guida per la protezione dei salmonidi si ritiene che, dove possibile, sia necessario proteggere la variabilit\u00e0 genetica recuperando le popolazioni indigene piuttosto che reintroducendo la specie con esemplari provenienti da altri bacini.<\/p>\n<p>Nello specifico, in Molise le indagini preliminari nelle aree di progetto hanno recentemente evidenziato la presenza di popolazioni recuperabili che mostrano diversi gradi di introgressione genetica (tra il 10% e il 40%).<\/p>\n<p>Nell&#8217;area del progetto ci sono almeno <strong>due principali popolazioni distinte<\/strong>, che abitano i bacini opposti dello spartiacque appenninico:<\/p>\n<ul>\n<li>una popolazione che abita il corso principale del fiume Biferno e che, come altre popolazioni dei bacini peninsulari dell&#8217;Adriatico, condivide lo stesso aplotipo (ovvero la regione di controllo del DNA mitocondriale) della specie <em> marmoratus<\/em>, un taxon originario dei fiumi alpini di fondovalle.<\/li>\n<li>Una popolazione particolare che vive nel bacino del fiume Volturno (lato tirrenico), caratterizzata da una marcata tigratura lungo i fianchi.<\/li>\n<\/ul>\n<p>Entrambe le popolazioni hanno un comportamento migratorio, ma poco ancora conosciamo a proposito delle rotte di migrazione: gli studi preliminari suggeriscono che durante il periodo di riproduzione la maggior parte degli adulti lasci l&#8217;area trofica per raggiungere, dopo diversi km di migrazione, l&#8217;acqua delle sorgenti di Bojano e del Rio Santa Maria.<\/p>\n<p>Anche nel corso principale del fiume Volturno si osserva un comportamento simile, e se in questo caso la rotta di migrazione \u00e8 meno chiara, i riproduttori probabilmente compiono un percorso ancora pi\u00f9 lungo. Le popolazioni pi\u00f9 pure sembrano essere quelle dei corsi principali, mentre nei tributari minori le introduzioni sembrano aver compromesso totalmente le popolazioni native. Durante il corso del progetto scopriremo se, oltre al cuore delle popolazioni native del Molise, costituito dai due corsi principali, resistono ancora alcuni nuclei di trote pi\u00f9 o meno isolati che conservano la genetica e le caratteristiche originarie.[\/vc_column_text][\/vc_column][\/vc_row]<\/p>\n<!-- AddThis Advanced Settings generic via filter on the_content --><!-- AddThis Share Buttons generic via filter on the_content -->","protected":false},"excerpt":{"rendered":"<p>[vc_row][vc_column][vc_single_image image=&#8221;4037&#8243; img_size=&#8221;full&#8221;][vc_column_text] La trota autoctona mediterranea \u2013 Salmo macrostigma La trota mediterranea S. macrostigma \u00e8 un pesce di taglia media e, nonostante le sue dimensioni massime raramente superino in natura i 45-50 cm di lunghezza e 1,2-1,5 kg di peso, la sua taglia \u00e8 strettamente legata all\u2019ambiente in cui cresce. Negli ambienti montani e&#8230;<!-- AddThis Advanced Settings generic via filter on get_the_excerpt --><!-- AddThis Share Buttons generic via filter on get_the_excerpt --><\/p>\n","protected":false},"author":2,"featured_media":0,"parent":0,"menu_order":0,"comment_status":"closed","ping_status":"closed","template":"","meta":[],"_links":{"self":[{"href":"https:\/\/greenproject.info\/wpg\/natsalmo\/wp-json\/wp\/v2\/pages\/3869"}],"collection":[{"href":"https:\/\/greenproject.info\/wpg\/natsalmo\/wp-json\/wp\/v2\/pages"}],"about":[{"href":"https:\/\/greenproject.info\/wpg\/natsalmo\/wp-json\/wp\/v2\/types\/page"}],"author":[{"embeddable":true,"href":"https:\/\/greenproject.info\/wpg\/natsalmo\/wp-json\/wp\/v2\/users\/2"}],"replies":[{"embeddable":true,"href":"https:\/\/greenproject.info\/wpg\/natsalmo\/wp-json\/wp\/v2\/comments?post=3869"}],"version-history":[{"count":12,"href":"https:\/\/greenproject.info\/wpg\/natsalmo\/wp-json\/wp\/v2\/pages\/3869\/revisions"}],"predecessor-version":[{"id":4735,"href":"https:\/\/greenproject.info\/wpg\/natsalmo\/wp-json\/wp\/v2\/pages\/3869\/revisions\/4735"}],"wp:attachment":[{"href":"https:\/\/greenproject.info\/wpg\/natsalmo\/wp-json\/wp\/v2\/media?parent=3869"}],"curies":[{"name":"wp","href":"https:\/\/api.w.org\/{rel}","templated":true}]}}